{"id":2,"date":"2012-11-02T19:07:50","date_gmt":"2012-11-02T19:07:50","guid":{"rendered":"http:\/\/loesener.de\/?page_id=2"},"modified":"2026-03-31T16:57:44","modified_gmt":"2026-03-31T16:57:44","slug":"sample-page","status":"publish","type":"page","link":"https:\/\/loesener.de\/","title":{"rendered":""},"content":{"rendered":"\n<div class=\"wp-block-columns is-layout-flex wp-container-core-columns-is-layout-9d6595d7 wp-block-columns-is-layout-flex\">\n<div class=\"wp-block-column is-layout-flow wp-block-column-is-layout-flow\" style=\"flex-basis:100%\">\n<div class=\"wp-block-group\"><div class=\"wp-block-group__inner-container is-layout-flow wp-block-group-is-layout-flow\">\n<figure class=\"wp-block-gallery alignleft has-nested-images columns-default is-cropped wp-block-gallery-1 is-layout-flex wp-block-gallery-is-layout-flex\">\n<figure class=\"wp-block-image size-large\"><a href=\"https:\/\/loesener.de\/wp-content\/uploads\/2021\/05\/hans-loesener-05-2021-1_m.jpg\"><img loading=\"lazy\" decoding=\"async\" width=\"1024\" height=\"682\" data-id=\"522\" src=\"https:\/\/loesener.de\/wp-content\/uploads\/2021\/05\/hans-loesener-05-2021-1_m-1024x682.jpg\" alt=\"\" class=\"wp-image-522\" srcset=\"https:\/\/loesener.de\/wp-content\/uploads\/2021\/05\/hans-loesener-05-2021-1_m-1024x682.jpg 1024w, https:\/\/loesener.de\/wp-content\/uploads\/2021\/05\/hans-loesener-05-2021-1_m-300x200.jpg 300w, https:\/\/loesener.de\/wp-content\/uploads\/2021\/05\/hans-loesener-05-2021-1_m-768x512.jpg 768w, https:\/\/loesener.de\/wp-content\/uploads\/2021\/05\/hans-loesener-05-2021-1_m-1536x1024.jpg 1536w, https:\/\/loesener.de\/wp-content\/uploads\/2021\/05\/hans-loesener-05-2021-1_m-2048x1365.jpg 2048w, https:\/\/loesener.de\/wp-content\/uploads\/2021\/05\/hans-loesener-05-2021-1_m-624x416.jpg 624w\" sizes=\"auto, (max-width: 1024px) 100vw, 1024px\" \/><\/a><\/figure>\n<\/figure>\n<\/div><\/div>\n\n\n\n<p><\/p>\n\n\n\n<p><\/p>\n\n\n\n<p><\/p>\n<\/div>\n<\/div>\n\n\n\n<p>Prof. Dr. phil. habil. Hans L\u00f6sener<\/p>\n\n\n\n<p>Professor f\u00fcr deutsche Sprache und Literatur<br>und ihre Didaktik an der P\u00e4dagogischen<br>Hochschule Heidelberg<\/p>\n\n\n\n<p>Institut f\u00fcr deutsche Sprache und Literatur<\/p>\n\n\n\n<p><strong>Arbeitsgebiete:<\/strong> Literaturwissenschaft und Literaturdidaktik, <br>Literatur- und Leseunterricht, Dramendidaktik, <br>Theorie des Deutschunterrichts<\/p>\n\n\n\n<p>Mitherausgeber der Zeitschrift <a href=\"http:\/\/leser\u00e4ume.de\/\">Leser\u00e4ume<\/a><\/p>\n\n\n\n<p><strong>URLs: <\/strong><a href=\"http:\/\/www.loesener.de\">www.loesener.de<\/a>, <a href=\"http:\/\/www.sprachtheorie.de\">www.sprachtheorie.de<\/a><\/p>\n\n\n\n<p><strong>E-Mail:<\/strong> loesener-o-ph-heidelberg.de<br>(Bitte ersetzen Sie die Zeichenfolge &#8222;-o-&#8220; durch das at-Zeichen)<\/p>\n\n\n\n<p><strong>Postanschrift:<\/strong> Hans L\u00f6sener<br>P\u00e4dagogische Hochschule Heidelberg<br>Keplerstra\u00dfe 87<br>Postfach 10 42 40<br>D-69120 Heidelberg<\/p>\n\n\n\n<p><strong>Sprechstunde:<\/strong> Anmeldung \u00fcber Stud.IP.<\/p>\n","protected":false},"excerpt":{"rendered":"<p>Prof. Dr. phil. habil. Hans L\u00f6sener Professor f\u00fcr deutsche Sprache und Literaturund ihre Didaktik an der P\u00e4dagogischenHochschule Heidelberg Institut f\u00fcr deutsche Sprache und Literatur Arbeitsgebiete: Literaturwissenschaft und Literaturdidaktik, Literatur- und Leseunterricht, Dramendidaktik, Theorie des Deutschunterrichts Mitherausgeber der Zeitschrift Leser\u00e4ume URLs: www.loesener.de, www.sprachtheorie.de E-Mail: loesener-o-ph-heidelberg.de(Bitte ersetzen Sie die Zeichenfolge &#8222;-o-&#8220; durch das at-Zeichen) Postanschrift: Hans L\u00f6senerP\u00e4dagogische [&hellip;]<\/p>\n","protected":false},"author":1,"featured_media":0,"parent":0,"menu_order":0,"comment_status":"closed","ping_status":"closed","template":"","meta":{"footnotes":""},"class_list":["post-2","page","type-page","status-publish","hentry"],"_links":{"self":[{"href":"https:\/\/loesener.de\/index.php?rest_route=\/wp\/v2\/pages\/2","targetHints":{"allow":["GET"]}}],"collection":[{"href":"https:\/\/loesener.de\/index.php?rest_route=\/wp\/v2\/pages"}],"about":[{"href":"https:\/\/loesener.de\/index.php?rest_route=\/wp\/v2\/types\/page"}],"author":[{"embeddable":true,"href":"https:\/\/loesener.de\/index.php?rest_route=\/wp\/v2\/users\/1"}],"replies":[{"embeddable":true,"href":"https:\/\/loesener.de\/index.php?rest_route=%2Fwp%2Fv2%2Fcomments&post=2"}],"version-history":[{"count":65,"href":"https:\/\/loesener.de\/index.php?rest_route=\/wp\/v2\/pages\/2\/revisions"}],"predecessor-version":[{"id":827,"href":"https:\/\/loesener.de\/index.php?rest_route=\/wp\/v2\/pages\/2\/revisions\/827"}],"wp:attachment":[{"href":"https:\/\/loesener.de\/index.php?rest_route=%2Fwp%2Fv2%2Fmedia&parent=2"}],"curies":[{"name":"wp","href":"https:\/\/api.w.org\/{rel}","templated":true}]}}