{"id":617,"date":"2021-11-16T08:26:03","date_gmt":"2021-11-16T08:26:03","guid":{"rendered":"https:\/\/loesener.de\/?page_id=617"},"modified":"2022-12-05T10:02:22","modified_gmt":"2022-12-05T10:02:22","slug":"projekt-4-sprachliches-lernen-im-literaturunterricht","status":"publish","type":"page","link":"https:\/\/loesener.de\/?page_id=617","title":{"rendered":"Projekt 4: Sprachausbau und Textualit\u00e4t. Sprachliches Lernen im Literaturunterricht"},"content":{"rendered":"\n<p class=\"has-medium-font-size\"><\/p>\n\n\n<div class=\"wp-block-image is-style-default\">\n<figure class=\"aligncenter is-resized\"><img loading=\"lazy\" decoding=\"async\" src=\"https:\/\/loesener.de\/wp-content\/uploads\/2022\/04\/grafik-719x1024.png\" alt=\"\" class=\"wp-image-628\" width=\"201\" height=\"285\" srcset=\"https:\/\/loesener.de\/wp-content\/uploads\/2022\/04\/grafik-719x1024.png 719w, https:\/\/loesener.de\/wp-content\/uploads\/2022\/04\/grafik-211x300.png 211w, https:\/\/loesener.de\/wp-content\/uploads\/2022\/04\/grafik-768x1094.png 768w, https:\/\/loesener.de\/wp-content\/uploads\/2022\/04\/grafik-624x889.png 624w, https:\/\/loesener.de\/wp-content\/uploads\/2022\/04\/grafik.png 854w\" sizes=\"auto, (max-width: 201px) 100vw, 201px\" \/><figcaption class=\"wp-element-caption\">Eduard Haueis \/ Hans L\u00f6sener: <br>Die sprechbare Schrift  (2022)<\/figcaption><\/figure>\n<\/div>\n\n\n<p>Die seit einiger Zeit gef\u00fchrte Diskussion um den Begriff der \u201eBildungssprache\u201c macht deutlich, dass der Deutschunterricht ein Gesamtkonzept der sprachlichen Bildung ben\u00f6tigt. Dass es bislang nicht entwickelt wurde, liegt auch an der fehlenden Integration des literarischen Lernens in eine \u00fcbergreifende Sprachlernperspektive. An diesem Problem setzt das gemeinsam mit Prof. Dr. Eduard Haueis durchgef\u00fchrte Forschungsprojekt an. Es geht von einer Bestandsaufnahme der didaktischen Aporien aus, die zur Ausblendung wesentlicher Aspekte des sprachlichen Lernens im Literaturunterricht beitragen, und zeigt Wege zur Wiedergewinnung einer Unterrichtsaufgabe auf, die seit der Antike zum Kernbereich der schulischen Schriftsprachlichkeit geh\u00f6rt: dem Sprachausbau als konstitutivem Moment des schriftgepr\u00e4gten Lernens in der Schule unter den Bedingungen sprachlicher und kultureller Vielfalt (Haueis 2016, Maas 2008). Im Zentrum des Projekts steht die Frage, wie ein systematischer Sprachausbau zur ma\u00dfgeblichen Lernperspektive in allen Arbeitsbereichen des Deutschunterrichts werden kann. Ihre Beantwortung verlangt die Entwicklung einer Gesamttheorie des Deutschunterrichts, zu der der publizierte Band beitragen m\u00f6chte. In ihm wird eine Modellierung vorgeschlagen, die auf vier Eckpunkten beruht: der grammatisch konstituierten Sprachrichtigkeit, der der rhetorischen Tradition entstammenden Sprachangemessenheit, der auf die poetische Performativit\u00e4t literarischer Texte bezogene Sprachwirksamkeit und der Perspektive der die ethische Seite des Sprachlernens betreffenden Sprachm\u00fcndigkeit. Sprachliche Bildung \u2013 so eine zentrale Hypothese des Buches \u2013 bedarf des Zusammenspiels dieser vier Perspektiven, um allen Sch\u00fclerinnen und Sch\u00fclern zu erm\u00f6glichen, ihre Sprachf\u00e4higkeiten kontinuierlich zu erweitern.<\/p>\n\n\n\n<p><\/p>\n\n\n\n<p>Ergebnisse<\/p>\n\n\n\n<p>Haueis, Eduard \/ L\u00f6sener, Hans (2022): Die sprechbare Schrift \u2013 Zur Sprachlichkeit des literarischen Lernens im Deutschunterricht. Berlin: Lang. In der von Iris Winkler und Christoph Br\u00e4uer herausgegebenen Reihe &#8222;<a href=\"https:\/\/www.peterlang.com\/document\/1192311\">Positionen der Deutschdidaktik<\/a>&#8220; .<\/p>\n\n\n\n<p>Haueis, Eduard (2016): Ausbau von sprachlichen Potenzialen. Sozio- und Ontogenese in einer didaktischen Perspektive. Duisburg: Universit\u00e4tsverlag Rhein-Ruhr.<\/p>\n\n\n\n<p>L\u00f6sener, Hans (2019): Sprachm\u00fcndigkeit und poetisches Sprachlernen. In: Christiane Hochstadt und Ralph Olsen (Hg.): Handbuch Deutschunterricht und Inklusion. Weinheim: Beltz, S. 291\u2013306.<\/p>\n\n\n\n<p>Die Sprachlichkeit des Literaturunterrichts. Themenheft der Zeitschrift &#8222;Leser\u00e4ume&#8220;, Ausgabe 4 (2018). Online unter diesem <a href=\"https:\/\/leser\u00e4ume.de\/?page_id=692\">Link<\/a>. <\/p>\n","protected":false},"excerpt":{"rendered":"<p>Die seit einiger Zeit gef\u00fchrte Diskussion um den Begriff der \u201eBildungssprache\u201c macht deutlich, dass der Deutschunterricht ein Gesamtkonzept der sprachlichen Bildung ben\u00f6tigt. Dass es bislang nicht entwickelt wurde, liegt auch an der fehlenden Integration des literarischen Lernens in eine \u00fcbergreifende Sprachlernperspektive. An diesem Problem setzt das gemeinsam mit Prof. Dr. Eduard Haueis durchgef\u00fchrte Forschungsprojekt an. [&hellip;]<\/p>\n","protected":false},"author":1,"featured_media":0,"parent":45,"menu_order":4,"comment_status":"closed","ping_status":"closed","template":"","meta":{"footnotes":""},"class_list":["post-617","page","type-page","status-publish","hentry"],"_links":{"self":[{"href":"https:\/\/loesener.de\/index.php?rest_route=\/wp\/v2\/pages\/617","targetHints":{"allow":["GET"]}}],"collection":[{"href":"https:\/\/loesener.de\/index.php?rest_route=\/wp\/v2\/pages"}],"about":[{"href":"https:\/\/loesener.de\/index.php?rest_route=\/wp\/v2\/types\/page"}],"author":[{"embeddable":true,"href":"https:\/\/loesener.de\/index.php?rest_route=\/wp\/v2\/users\/1"}],"replies":[{"embeddable":true,"href":"https:\/\/loesener.de\/index.php?rest_route=%2Fwp%2Fv2%2Fcomments&post=617"}],"version-history":[{"count":24,"href":"https:\/\/loesener.de\/index.php?rest_route=\/wp\/v2\/pages\/617\/revisions"}],"predecessor-version":[{"id":671,"href":"https:\/\/loesener.de\/index.php?rest_route=\/wp\/v2\/pages\/617\/revisions\/671"}],"up":[{"embeddable":true,"href":"https:\/\/loesener.de\/index.php?rest_route=\/wp\/v2\/pages\/45"}],"wp:attachment":[{"href":"https:\/\/loesener.de\/index.php?rest_route=%2Fwp%2Fv2%2Fmedia&parent=617"}],"curies":[{"name":"wp","href":"https:\/\/api.w.org\/{rel}","templated":true}]}}